{"id":22,"date":"2021-12-15T16:05:30","date_gmt":"2021-12-15T16:05:30","guid":{"rendered":"https:\/\/www.carneregia.com\/portal\/?page_id=22"},"modified":"2024-12-10T20:51:47","modified_gmt":"2024-12-10T20:51:47","slug":"sobre-nosotros","status":"publish","type":"page","link":"https:\/\/www.carneregia.com\/portal\/?page_id=22","title":{"rendered":"Sobre nosotros"},"content":{"rendered":"<div class=\"wpb-content-wrapper\"><p>[vc_row content_placement=\u00bbmiddle\u00bb][vc_column width=\u00bb1\/2&#8243;][vc_column_text]En carneregia.com somos mas que una carnicer\u00eda, somos tradicio\u0301n regiomontana y el sabor del norte, somos sin\u00f3nimo de confianza, cada producto de nuestra tienda ha sido seleccionado con el mayor cuidado para ofrecerte siempre lo mejor para ti, tu familia y tus amigos. Entra y descubre las delicias que tenemos para ti.[\/vc_column_text][\/vc_column][vc_column width=\u00bb1\/2&#8243;][vc_single_image image=\u00bb159&#8243; img_size=\u00bblarge\u00bb alignment=\u00bbcenter\u00bb style=\u00bbvc_box_border\u00bb][\/vc_column][\/vc_row][vc_row][vc_column][vc_text_separator title=\u00bbVISI\u00d3N\u00bb color=\u00bbpink\u00bb border_width=\u00bb2&#8243; el_width=\u00bb80&#8243;][vc_column_text]Ser la principal empresa proveedora de los sabores norte\u00f1os a diferentes comunidades. Ofreciendo calidad en los productos con un rango de precios a trav\u00e9s de diversas categor\u00edas.<\/p>\n<p>&nbsp;[\/vc_column_text][\/vc_column][\/vc_row][vc_row][vc_column][vc_text_separator title=\u00bbMISI\u00d3N\u00bb color=\u00bbpink\u00bb border_width=\u00bb2&#8243; el_width=\u00bb80&#8243;][vc_column_text]Ofrecer productos c\u00e1rnicos de origen bovino, porcino, av\u00edcola de calidad norte\u00f1a a la poblaci\u00f3n de la regi\u00f3n. Brindar los mejores cortes de carne a precios accesibles a nuestros clientes con la mejor atenci\u00f3n y calidad de estos.<\/p>\n<p>&nbsp;[\/vc_column_text][\/vc_column][\/vc_row]<\/p>\n<\/div>","protected":false},"excerpt":{"rendered":"<p>[vc_row content_placement=\u00bbmiddle\u00bb][vc_column width=\u00bb1\/2&#8243;][vc_column_text]En carneregia.com somos mas que una carnicer\u00eda, somos tradicio\u0301n regiomontana y el sabor del norte, somos sin\u00f3nimo de confianza, cada producto de nuestra tienda ha sido seleccionado con el mayor cuidado para ofrecerte siempre lo mejor para ti, tu familia y tus amigos. Entra y descubre las delicias que tenemos para ti.[\/vc_column_text][\/vc_column][vc_column width=\u00bb1\/2&#8243;][vc_single_image [&hellip;]<\/p>\n","protected":false},"author":1,"featured_media":0,"parent":0,"menu_order":1,"comment_status":"closed","ping_status":"closed","template":"","meta":{"footnotes":""},"class_list":["post-22","page","type-page","status-publish","hentry"],"jetpack_sharing_enabled":true,"_links":{"self":[{"href":"https:\/\/www.carneregia.com\/portal\/index.php?rest_route=\/wp\/v2\/pages\/22","targetHints":{"allow":["GET"]}}],"collection":[{"href":"https:\/\/www.carneregia.com\/portal\/index.php?rest_route=\/wp\/v2\/pages"}],"about":[{"href":"https:\/\/www.carneregia.com\/portal\/index.php?rest_route=\/wp\/v2\/types\/page"}],"author":[{"embeddable":true,"href":"https:\/\/www.carneregia.com\/portal\/index.php?rest_route=\/wp\/v2\/users\/1"}],"replies":[{"embeddable":true,"href":"https:\/\/www.carneregia.com\/portal\/index.php?rest_route=%2Fwp%2Fv2%2Fcomments&post=22"}],"version-history":[{"count":9,"href":"https:\/\/www.carneregia.com\/portal\/index.php?rest_route=\/wp\/v2\/pages\/22\/revisions"}],"predecessor-version":[{"id":573,"href":"https:\/\/www.carneregia.com\/portal\/index.php?rest_route=\/wp\/v2\/pages\/22\/revisions\/573"}],"wp:attachment":[{"href":"https:\/\/www.carneregia.com\/portal\/index.php?rest_route=%2Fwp%2Fv2%2Fmedia&parent=22"}],"curies":[{"name":"wp","href":"https:\/\/api.w.org\/{rel}","templated":true}]}}