{"id":125,"date":"2021-12-18T19:19:05","date_gmt":"2021-12-18T19:19:05","guid":{"rendered":"https:\/\/www.carneregia.com\/portal\/?post_type=product&#038;p=125"},"modified":"2024-12-10T20:51:48","modified_gmt":"2024-12-10T20:51:48","slug":"new-york-1-kg","status":"publish","type":"product","link":"https:\/\/www.carneregia.com\/portal\/?product=new-york-1-kg","title":{"rendered":"New York Ramos \/Kg"},"content":{"rendered":"<p>Proviene tambi\u00e9n de los lomos de la res y, sin duda, es garant\u00eda de calidad. Es preparado tanto a la parrilla , al carb\u00f3n o al horno.<\/p>\n","protected":false},"excerpt":{"rendered":"<p>Es un corte que posee marmoleo medio y textura firme , ligeramente magro (que no tiene grasa) y que no tiene hueso. Este proviene de la parte media del lomo excluyendo el hueso y de un musculo que no trabaja mucho, por ello su particularidad principal es ser carne tierna.<\/p>\n","protected":false},"featured_media":126,"comment_status":"open","ping_status":"closed","template":"","meta":[],"product_cat":[15,22],"product_tag":[],"class_list":{"0":"post-125","1":"product","2":"type-product","3":"status-publish","4":"has-post-thumbnail","6":"product_cat-carnes","7":"product_cat-carne-ramos-calidad-reserva","9":"first","10":"outofstock","11":"featured","12":"shipping-taxable","13":"purchasable","14":"product-type-simple"},"jetpack_sharing_enabled":true,"_links":{"self":[{"href":"https:\/\/www.carneregia.com\/portal\/index.php?rest_route=\/wp\/v2\/product\/125","targetHints":{"allow":["GET"]}}],"collection":[{"href":"https:\/\/www.carneregia.com\/portal\/index.php?rest_route=\/wp\/v2\/product"}],"about":[{"href":"https:\/\/www.carneregia.com\/portal\/index.php?rest_route=\/wp\/v2\/types\/product"}],"replies":[{"embeddable":true,"href":"https:\/\/www.carneregia.com\/portal\/index.php?rest_route=%2Fwp%2Fv2%2Fcomments&post=125"}],"wp:featuredmedia":[{"embeddable":true,"href":"https:\/\/www.carneregia.com\/portal\/index.php?rest_route=\/wp\/v2\/media\/126"}],"wp:attachment":[{"href":"https:\/\/www.carneregia.com\/portal\/index.php?rest_route=%2Fwp%2Fv2%2Fmedia&parent=125"}],"wp:term":[{"taxonomy":"product_cat","embeddable":true,"href":"https:\/\/www.carneregia.com\/portal\/index.php?rest_route=%2Fwp%2Fv2%2Fproduct_cat&post=125"},{"taxonomy":"product_tag","embeddable":true,"href":"https:\/\/www.carneregia.com\/portal\/index.php?rest_route=%2Fwp%2Fv2%2Fproduct_tag&post=125"}],"curies":[{"name":"wp","href":"https:\/\/api.w.org\/{rel}","templated":true}]}}