{"id":176,"date":"2022-01-26T02:39:59","date_gmt":"2022-01-26T02:39:59","guid":{"rendered":"https:\/\/www.carneregia.com\/portal\/?post_type=product&#038;p=176"},"modified":"2026-02-15T17:23:04","modified_gmt":"2026-02-15T17:23:04","slug":"top-sirlon-350-gramos","status":"publish","type":"product","link":"https:\/\/www.carneregia.com\/portal\/?product=top-sirlon-350-gramos","title":{"rendered":"Top Sirloin Ramos \/Kg"},"content":{"rendered":"<p>El TOP SIRLOIN es el corte mas sabroso de entre todas las versiones del Sirloin\u00a0 \u00a0ofrece mucha sabor y suavidad.<\/p>\n","protected":false},"excerpt":{"rendered":"<p>Es conocido por ser in corte de carne fino y por su segundo nombre \u00abCHURRASCO\u00bb\u00a0 tiene una forma ovalada\u00a0 es de grandes dimensiones en comparaci\u00f3n de los dem\u00e1s debido a que se moldea la pieza con pel\u00edcula pl\u00e1stica para su congelaci\u00f3n.<\/p>\n<p>&nbsp;<\/p>\n","protected":false},"featured_media":177,"comment_status":"open","ping_status":"closed","template":"","meta":[],"product_cat":[15,22],"product_tag":[],"class_list":{"0":"post-176","1":"product","2":"type-product","3":"status-publish","4":"has-post-thumbnail","6":"product_cat-carnes","7":"product_cat-carne-ramos-calidad-reserva","9":"first","10":"instock","11":"shipping-taxable","12":"purchasable","13":"product-type-simple"},"jetpack_sharing_enabled":true,"_links":{"self":[{"href":"https:\/\/www.carneregia.com\/portal\/index.php?rest_route=\/wp\/v2\/product\/176","targetHints":{"allow":["GET"]}}],"collection":[{"href":"https:\/\/www.carneregia.com\/portal\/index.php?rest_route=\/wp\/v2\/product"}],"about":[{"href":"https:\/\/www.carneregia.com\/portal\/index.php?rest_route=\/wp\/v2\/types\/product"}],"replies":[{"embeddable":true,"href":"https:\/\/www.carneregia.com\/portal\/index.php?rest_route=%2Fwp%2Fv2%2Fcomments&post=176"}],"wp:featuredmedia":[{"embeddable":true,"href":"https:\/\/www.carneregia.com\/portal\/index.php?rest_route=\/wp\/v2\/media\/177"}],"wp:attachment":[{"href":"https:\/\/www.carneregia.com\/portal\/index.php?rest_route=%2Fwp%2Fv2%2Fmedia&parent=176"}],"wp:term":[{"taxonomy":"product_cat","embeddable":true,"href":"https:\/\/www.carneregia.com\/portal\/index.php?rest_route=%2Fwp%2Fv2%2Fproduct_cat&post=176"},{"taxonomy":"product_tag","embeddable":true,"href":"https:\/\/www.carneregia.com\/portal\/index.php?rest_route=%2Fwp%2Fv2%2Fproduct_tag&post=176"}],"curies":[{"name":"wp","href":"https:\/\/api.w.org\/{rel}","templated":true}]}}