{"id":215,"date":"2022-01-26T17:46:53","date_gmt":"2022-01-26T17:46:53","guid":{"rendered":"https:\/\/www.carneregia.com\/portal\/?post_type=product&#038;p=215"},"modified":"2026-02-15T17:21:31","modified_gmt":"2026-02-15T17:21:31","slug":"arrachera-marinada-1-kg","status":"publish","type":"product","link":"https:\/\/www.carneregia.com\/portal\/?product=arrachera-marinada-1-kg","title":{"rendered":"Arrachera Marinada Ramos \/Kg"},"content":{"rendered":"<p>Es un musculo alargado muy escaso.<\/p>\n","protected":false},"excerpt":{"rendered":"<p>La m\u00edtica arrachera es un corte suave y con sabor caracter\u00edstico. Se obtiene cerca del diafragma de la res y, ac\u00e1 en el norte, por mucho tiempo ha sido la consentida de muchas parrilladas. Ideal para fajitas. Con la suave mordida y jugosidad, sabemos que es de calidad.<\/p>\n","protected":false},"featured_media":111,"comment_status":"open","ping_status":"closed","template":"","meta":[],"product_cat":[15,22],"product_tag":[],"class_list":{"0":"post-215","1":"product","2":"type-product","3":"status-publish","4":"has-post-thumbnail","6":"product_cat-carnes","7":"product_cat-carne-ramos-calidad-reserva","9":"first","10":"instock","11":"featured","12":"shipping-taxable","13":"purchasable","14":"product-type-simple"},"jetpack_sharing_enabled":true,"_links":{"self":[{"href":"https:\/\/www.carneregia.com\/portal\/index.php?rest_route=\/wp\/v2\/product\/215","targetHints":{"allow":["GET"]}}],"collection":[{"href":"https:\/\/www.carneregia.com\/portal\/index.php?rest_route=\/wp\/v2\/product"}],"about":[{"href":"https:\/\/www.carneregia.com\/portal\/index.php?rest_route=\/wp\/v2\/types\/product"}],"replies":[{"embeddable":true,"href":"https:\/\/www.carneregia.com\/portal\/index.php?rest_route=%2Fwp%2Fv2%2Fcomments&post=215"}],"wp:featuredmedia":[{"embeddable":true,"href":"https:\/\/www.carneregia.com\/portal\/index.php?rest_route=\/wp\/v2\/media\/111"}],"wp:attachment":[{"href":"https:\/\/www.carneregia.com\/portal\/index.php?rest_route=%2Fwp%2Fv2%2Fmedia&parent=215"}],"wp:term":[{"taxonomy":"product_cat","embeddable":true,"href":"https:\/\/www.carneregia.com\/portal\/index.php?rest_route=%2Fwp%2Fv2%2Fproduct_cat&post=215"},{"taxonomy":"product_tag","embeddable":true,"href":"https:\/\/www.carneregia.com\/portal\/index.php?rest_route=%2Fwp%2Fv2%2Fproduct_tag&post=215"}],"curies":[{"name":"wp","href":"https:\/\/api.w.org\/{rel}","templated":true}]}}