{"id":221,"date":"2022-01-26T17:58:22","date_gmt":"2022-01-26T17:58:22","guid":{"rendered":"https:\/\/www.carneregia.com\/portal\/?post_type=product&#038;p=221"},"modified":"2026-02-14T22:56:35","modified_gmt":"2026-02-14T22:56:35","slug":"chicharron-en-salsa-verde-450-gramos","status":"publish","type":"product","link":"https:\/\/www.carneregia.com\/portal\/?product=chicharron-en-salsa-verde-450-gramos","title":{"rendered":"Chicharr\u00f3n en Salsa Verde 450 gramos"},"content":{"rendered":"<p>Sentir el sabor norte\u00f1o inconfundible de nuestro chicharr\u00f3n en salsa verde.<\/p>\n","protected":false},"excerpt":{"rendered":"<p>Preparado con el famoso e inconfundible chicharr\u00f3n de la Ramos y una deliciosa salsa verde, este guisado es el favorito de todos. Listo para disfrutar con unas tortillas calientitas.<\/p>\n","protected":false},"featured_media":222,"comment_status":"open","ping_status":"closed","template":"","meta":[],"product_cat":[27],"product_tag":[],"class_list":{"0":"post-221","1":"product","2":"type-product","3":"status-publish","4":"has-post-thumbnail","6":"product_cat-complementos","8":"first","9":"instock","10":"shipping-taxable","11":"purchasable","12":"product-type-simple"},"jetpack_sharing_enabled":true,"_links":{"self":[{"href":"https:\/\/www.carneregia.com\/portal\/index.php?rest_route=\/wp\/v2\/product\/221","targetHints":{"allow":["GET"]}}],"collection":[{"href":"https:\/\/www.carneregia.com\/portal\/index.php?rest_route=\/wp\/v2\/product"}],"about":[{"href":"https:\/\/www.carneregia.com\/portal\/index.php?rest_route=\/wp\/v2\/types\/product"}],"replies":[{"embeddable":true,"href":"https:\/\/www.carneregia.com\/portal\/index.php?rest_route=%2Fwp%2Fv2%2Fcomments&post=221"}],"wp:featuredmedia":[{"embeddable":true,"href":"https:\/\/www.carneregia.com\/portal\/index.php?rest_route=\/wp\/v2\/media\/222"}],"wp:attachment":[{"href":"https:\/\/www.carneregia.com\/portal\/index.php?rest_route=%2Fwp%2Fv2%2Fmedia&parent=221"}],"wp:term":[{"taxonomy":"product_cat","embeddable":true,"href":"https:\/\/www.carneregia.com\/portal\/index.php?rest_route=%2Fwp%2Fv2%2Fproduct_cat&post=221"},{"taxonomy":"product_tag","embeddable":true,"href":"https:\/\/www.carneregia.com\/portal\/index.php?rest_route=%2Fwp%2Fv2%2Fproduct_tag&post=221"}],"curies":[{"name":"wp","href":"https:\/\/api.w.org\/{rel}","templated":true}]}}