{"id":503,"date":"2022-04-05T18:33:46","date_gmt":"2022-04-05T18:33:46","guid":{"rendered":"https:\/\/www.carneregia.com\/portal\/?post_type=product&#038;p=503"},"modified":"2026-02-14T22:52:03","modified_gmt":"2026-02-14T22:52:03","slug":"obleas-rellenas-de-cajeta-pieza-indivudual","status":"publish","type":"product","link":"https:\/\/www.carneregia.com\/portal\/?product=obleas-rellenas-de-cajeta-pieza-indivudual","title":{"rendered":"Obleas Rellenas de Cajeta 1 pieza"},"content":{"rendered":"","protected":false},"excerpt":{"rendered":"<p><span class=\"ILfuVd\"><span class=\"hgKElc\"><b>Obleas<\/b> de San Pablo son uno de los dulces tradicionales m\u00e1s populares en nuestro pa\u00eds. Con suave y delicioso <b>relleno de cajeta<\/b> hecha a base de leche de cabra, dando como resultado el sabor original de este dulce t\u00edpico mexicano. Saborea un aut\u00e9ntico postre nacional y d\u00e9jate envolver por su textura.<\/span><\/span><\/p>\n","protected":false},"featured_media":523,"comment_status":"open","ping_status":"closed","template":"","meta":[],"product_cat":[33],"product_tag":[],"class_list":{"0":"post-503","1":"product","2":"type-product","3":"status-publish","4":"has-post-thumbnail","6":"product_cat-dulces","8":"first","9":"instock","10":"shipping-taxable","11":"purchasable","12":"product-type-simple"},"jetpack_sharing_enabled":true,"_links":{"self":[{"href":"https:\/\/www.carneregia.com\/portal\/index.php?rest_route=\/wp\/v2\/product\/503","targetHints":{"allow":["GET"]}}],"collection":[{"href":"https:\/\/www.carneregia.com\/portal\/index.php?rest_route=\/wp\/v2\/product"}],"about":[{"href":"https:\/\/www.carneregia.com\/portal\/index.php?rest_route=\/wp\/v2\/types\/product"}],"replies":[{"embeddable":true,"href":"https:\/\/www.carneregia.com\/portal\/index.php?rest_route=%2Fwp%2Fv2%2Fcomments&post=503"}],"wp:featuredmedia":[{"embeddable":true,"href":"https:\/\/www.carneregia.com\/portal\/index.php?rest_route=\/wp\/v2\/media\/523"}],"wp:attachment":[{"href":"https:\/\/www.carneregia.com\/portal\/index.php?rest_route=%2Fwp%2Fv2%2Fmedia&parent=503"}],"wp:term":[{"taxonomy":"product_cat","embeddable":true,"href":"https:\/\/www.carneregia.com\/portal\/index.php?rest_route=%2Fwp%2Fv2%2Fproduct_cat&post=503"},{"taxonomy":"product_tag","embeddable":true,"href":"https:\/\/www.carneregia.com\/portal\/index.php?rest_route=%2Fwp%2Fv2%2Fproduct_tag&post=503"}],"curies":[{"name":"wp","href":"https:\/\/api.w.org\/{rel}","templated":true}]}}